{"id":2331,"date":"2018-04-05T10:35:28","date_gmt":"2018-04-05T08:35:28","guid":{"rendered":"http:\/\/d-kreativ.de\/cnc-vorba\/?page_id=2331"},"modified":"2018-08-25T22:40:32","modified_gmt":"2018-08-25T20:40:32","slug":"konstruktion","status":"publish","type":"page","link":"https:\/\/www.cnc-vorba.de\/?page_id=2331","title":{"rendered":"Konstruktion"},"content":{"rendered":"<p><section data-kc-parallax=\"true\" class=\"kc-elm kc-css-312602 kc_row\"><div class=\"kc-row-container  kc-container\"><div class=\"kc-wrap-columns\"><div class=\"kc-elm kc-css-960329 kc_col-sm-12 kc_column kc_col-sm-12\"><div class=\"kc-col-container\">\n<div class=\"kc-elm kc-css-176169 kc-title-wrap \">\n\n\t<h2 class=\"kc_title\">Engineering<\/h2>\n<\/div>\n<div class=\"kc-elm kc-css-459401 kc_text_block\"><\/p>\n<h3>Entwicklung &#038; Planung<\/h3>\n<p>\n<\/div><\/div><\/div><\/div><\/div><\/section><section data-kc-fullwidth=\"content\" class=\"kc-elm kc-css-152744 kc_row\"><div class=\"kc-row-container\"><div class=\"kc-wrap-columns\"><div class=\"kc-elm kc-css-263268 kc_col-sm-12 kc_column kc_col-sm-12\"><div class=\"kc-col-container\">\n<div class=\"kc-elm kc-css-747397 kc-title-wrap \">\n\n\t<h2 class=\"kc_title\">Konstruktion<\/h2>\n<\/div>\n<div class=\"kc-elm kc-css-485466 kc_text_block\"><\/p>\n<p>Mit unseren CAD-Arbeitspl\u00e4tzen setzen wir konsequent auf den neuesten Stand der Technik.<br \/>In Kombination mit unseren kompetenten und erfahrenen Mitarbeitern sind wir so stets in der Lage optimale Ergebnisse zu garantieren.<br \/>Durch st\u00e4ndige Kommunikation mit unseren Kunden k\u00f6nnen wir flexibel und zeitnah auf individuelle Anforderungen und Vorstellungen eingehen und eine stetige Kontinuit\u00e4t aufrecht erhalten.<br \/>Die Vernetzung unserer Systeme mit unseren Maschinen erm\u00f6glicht uns die Fertigung komplexer Formen mit Hilfe einer speziellen CAM-Software.<\/p>\n<h3>Ihre Vorteile<\/h3>\n<ul>\n<li>kurze Durchlaufzeiten<\/li>\n<li>durchstrukturierte Organisation durch konsequenten CAD-Einsatz<\/li>\n<li>Minimierung von Schnittstellenrisiken<\/li>\n<li>wirtschaftliche Vorteile durch Integration von Entwicklung und Planung<\/li>\n<\/ul>\n<p>\n<\/div><\/div><\/div><\/div><\/div><\/section><\/p>\n","protected":false},"excerpt":{"rendered":"","protected":false},"author":1,"featured_media":0,"parent":0,"menu_order":0,"comment_status":"closed","ping_status":"closed","template":"template-parts\/template-homepage.php","meta":[],"_links":{"self":[{"href":"https:\/\/www.cnc-vorba.de\/index.php?rest_route=\/wp\/v2\/pages\/2331"}],"collection":[{"href":"https:\/\/www.cnc-vorba.de\/index.php?rest_route=\/wp\/v2\/pages"}],"about":[{"href":"https:\/\/www.cnc-vorba.de\/index.php?rest_route=\/wp\/v2\/types\/page"}],"author":[{"embeddable":true,"href":"https:\/\/www.cnc-vorba.de\/index.php?rest_route=\/wp\/v2\/users\/1"}],"replies":[{"embeddable":true,"href":"https:\/\/www.cnc-vorba.de\/index.php?rest_route=%2Fwp%2Fv2%2Fcomments&post=2331"}],"version-history":[{"count":44,"href":"https:\/\/www.cnc-vorba.de\/index.php?rest_route=\/wp\/v2\/pages\/2331\/revisions"}],"predecessor-version":[{"id":2501,"href":"https:\/\/www.cnc-vorba.de\/index.php?rest_route=\/wp\/v2\/pages\/2331\/revisions\/2501"}],"wp:attachment":[{"href":"https:\/\/www.cnc-vorba.de\/index.php?rest_route=%2Fwp%2Fv2%2Fmedia&parent=2331"}],"curies":[{"name":"wp","href":"https:\/\/api.w.org\/{rel}","templated":true}]}}