{"id":2163,"date":"2018-03-27T00:24:30","date_gmt":"2018-03-26T22:24:30","guid":{"rendered":"http:\/\/d-kreativ.de\/cnc-vorba\/?page_id=2163"},"modified":"2022-12-12T10:19:56","modified_gmt":"2022-12-12T09:19:56","slug":"kontakt","status":"publish","type":"page","link":"https:\/\/www.cnc-vorba.de\/?page_id=2163","title":{"rendered":"Kontakt"},"content":{"rendered":"<p><section data-kc-parallax=\"true\" class=\"kc-elm kc-css-181053 kc_row\"><div class=\"kc-row-container  kc-container\"><div class=\"kc-wrap-columns\"><div class=\"kc-elm kc-css-140423 kc_col-sm-12 kc_column kc_col-sm-12\"><div class=\"kc-col-container\"><div class=\"kc-elm kc-css-13547 kc_tabs group kc-tabs-slider\"><div class=\"owl-carousel\" data-owl-options='{\"items\":1,\"speed\":450,\"navigation\":\"\",\"pagination\":\"\",\"autoheight\":\"\",\"autoplay\":\"yes\",\"tablet\":1,\"mobile\":1}'><div id=\"new-tab\" class=\"kc-elm kc-css-189173 kc_tab ui-tabs-panel kc_ui-tabs-hide kc_clearfix \"><div class=\"kc_tab_content\">\n<div class=\"kc-elm kc-css-203212 kc-title-wrap \">\n\n\t<h2 class=\"kc_title\">Kontakt<\/h2>\n<\/div>\n<\/div><\/div><\/div><\/div><\/div><\/div><\/div><\/div><\/section><section class=\"kc-elm kc-css-602005 kc_row\"><div class=\"kc-row-container\"><div class=\"kc-wrap-columns\"><div class=\"kc-elm kc-css-208648 kc_col-sm-4 kc_column kc_col-sm-4\"><div class=\"kc-col-container\">\n<div class=\"kc-elm kc-css-961067 kc-title-wrap \">\n\n\t<h2 class=\"kc_title\">Envo Business - Multi Purpose Theme<\/h2>\n<\/div>\n<div class=\"kc-elm kc-css-837971 kc_text_block\"><\/p>\n<p>\nLorem ipsum dolor sit amet, consectetur adipiscing elit. Nam ullamcorper ipsum nunc, ac gravida tortor tempor eget. Suspendisse rutrum finibus neque vel volutpat. Duis nulla nunc, facilisis eu commodo ut, porttitor pretium nunc. Pellentesque eget mauris eu odio tincidunt pharetra.<\/p>\n<p>\n<\/div>\n<div class=\"kc-elm kc-css-863610\">\n\t<a class=\"kc_button\" href=\"#\" onclick=\"\">\n\t\tRead More\t<\/a>\n<\/div>\n<\/div><\/div><div class=\"kc-elm kc-css-590046 kc_col-sm-4 kc_column kc_col-sm-4\"><div class=\"kc-col-container\">\n<div class=\"kc-elm kc-css-488160 kc-title-wrap \">\n\n\t<h2 class=\"kc_title\">Drag & Drop Page Builder<\/h2>\n<\/div>\n<div class=\"kc-elm kc-css-474088 kc_text_block\"><\/p>\n<p>\nLorem ipsum dolor sit amet, consectetur adipiscing elit. Nam ullamcorper ipsum nunc, ac gravida tortor tempor eget. Suspendisse rutrum finibus neque vel volutpat. Duis nulla nunc, facilisis eu commodo ut, porttitor pretium nunc. Pellentesque eget mauris eu odio tincidunt pharetra.<\/p>\n<p>\n<\/div>\n<div class=\"kc-elm kc-css-595838\">\n\t<a class=\"kc_button\" href=\"#\" onclick=\"\">\n\t\tRead More\t<\/a>\n<\/div>\n<\/div><\/div><div class=\"kc-elm kc-css-92317 kc_col-sm-4 kc_column kc_col-sm-4\"><div class=\"kc-col-container\">\n<div class=\"kc-elm kc-css-700359 kc-title-wrap \">\n\n\t<h2 class=\"kc_title\">Easy To Use<\/h2>\n<\/div>\n<div class=\"kc-elm kc-css-746208 kc_text_block\"><\/p>\n<p>\nLorem ipsum dolor sit amet, consectetur adipiscing elit. Nam ullamcorper ipsum nunc, ac gravida tortor tempor eget. Suspendisse rutrum finibus neque vel volutpat. Duis nulla nunc, facilisis eu commodo ut, porttitor pretium nunc. Pellentesque eget mauris eu odio tincidunt pharetra.<\/p>\n<p>\n<\/div>\n<div class=\"kc-elm kc-css-497131\">\n\t<a class=\"kc_button\" href=\"#\" onclick=\"\">\n\t\tRead More\t<\/a>\n<\/div>\n<\/div><\/div><\/div><\/div><\/section><section class=\"kc-elm kc-css-914303 kc_row\"><div class=\"kc-row-container  kc-container\"><div class=\"kc-wrap-columns\"><div id=\"#werkzeug\" class=\"kc-elm kc-css-456450 kc_col-sm-12 kc_column kc_col-sm-12\"><div class=\"kc-col-container\"><div class=\"kc-elm kc-css-964925\" style=\"height: 80px; clear: both; width:100%;\"><\/div><div id=\".werkzeug\" class=\"kc-elm kc-css-504976 kc_row kc_row_inner\"><div class=\"kc-elm kc-css-429586 kc_col-sm-12 kc_column_inner kc_col-sm-12\"><div class=\"kc_wrapper kc-col-inner-container\">\n<div class=\"kc-elm kc-css-920570 kc-title-wrap \">\n\n\t<h2 class=\"kc_title\">Werkzeugbau<\/h2>\n<\/div>\n<div class=\"kc-elm kc-css-360128 kc_text_block\"><\/p>\n<p>\nEinige Beispiele aus unserem Produktportfolio im Bereich Werkzeugbau:<\/p>\n<p>\n<\/div><\/div><\/div><\/div><div class=\"kc-elm kc-css-379588 kc_row kc_row_inner\"><div class=\"kc-elm kc-css-759179 kc_col-sm-4 kc_column_inner kc_col-sm-4\"><div class=\"kc_wrapper kc-col-inner-container\">\n<div class=\"kc-elm kc-css-241342 kc-image-hover-effects kc-img-effects-1 default\">\n\n\t<a href=\"https:\/\/www.cnc-vorba.de\/wp-content\/uploads\/2018\/03\/W-IMG_0064.jpg\" rel=\"prettyPhoto\" class=\"kc-pretty-photo\"><img src=\"https:\/\/www.cnc-vorba.de\/wp-content\/uploads\/2018\/03\/W-IMG_0064-1170x700xct.jpg\" alt=\"\"\/><\/a><a href=\"https:\/\/www.cnc-vorba.de\/wp-content\/uploads\/2018\/03\/W-IMG_0064.jpg\" rel=\"prettyPhoto\" class=\"kc-pretty-photo\"><div class=\"overlay-effects\"><\/div><\/a>\n<\/div>\n<div class=\"kc-elm kc-css-433416 kc-image-hover-effects kc-img-effects-1 default\">\n\n\t<a href=\"https:\/\/www.cnc-vorba.de\/wp-content\/uploads\/2018\/03\/W-IMG_5.jpg\" rel=\"prettyPhoto\" class=\"kc-pretty-photo\"><img src=\"https:\/\/www.cnc-vorba.de\/wp-content\/uploads\/2018\/03\/W-IMG_5-1170x700xct.jpg\" alt=\"\"\/><\/a><a href=\"https:\/\/www.cnc-vorba.de\/wp-content\/uploads\/2018\/03\/W-IMG_5.jpg\" rel=\"prettyPhoto\" class=\"kc-pretty-photo\"><div class=\"overlay-effects\"><\/div><\/a>\n<\/div>\n<div class=\"kc-elm kc-css-39039 kc-image-hover-effects kc-img-effects-1 default\">\n\n\t<a href=\"https:\/\/www.cnc-vorba.de\/wp-content\/uploads\/2018\/03\/W-IMG_2.jpg\" rel=\"prettyPhoto\" class=\"kc-pretty-photo\"><img src=\"https:\/\/www.cnc-vorba.de\/wp-content\/uploads\/2018\/03\/W-IMG_2-1170x700xct.jpg\" alt=\"\"\/><\/a><a href=\"https:\/\/www.cnc-vorba.de\/wp-content\/uploads\/2018\/03\/W-IMG_2.jpg\" rel=\"prettyPhoto\" class=\"kc-pretty-photo\"><div class=\"overlay-effects\"><\/div><\/a>\n<\/div><\/div><\/div><div class=\"kc-elm kc-css-938330 kc_col-sm-4 kc_column_inner kc_col-sm-4\"><div class=\"kc_wrapper kc-col-inner-container\">\n<div class=\"kc-elm kc-css-785597 kc-image-hover-effects kc-img-effects-1 default\">\n\n\t<a href=\"https:\/\/www.cnc-vorba.de\/wp-content\/uploads\/2018\/03\/W-IMG_7.jpg\" rel=\"prettyPhoto\" class=\"kc-pretty-photo\"><img src=\"https:\/\/www.cnc-vorba.de\/wp-content\/uploads\/2018\/03\/W-IMG_7-1170x700xct.jpg\" alt=\"\"\/><\/a><a href=\"https:\/\/www.cnc-vorba.de\/wp-content\/uploads\/2018\/03\/W-IMG_7.jpg\" rel=\"prettyPhoto\" class=\"kc-pretty-photo\"><div class=\"overlay-effects\"><div class=\"content-title\">Project 2<\/div><\/div><\/a>\n<\/div>\n<div class=\"kc-elm kc-css-154547 kc-image-hover-effects kc-img-effects-1 default\">\n\n\t<a href=\"https:\/\/www.cnc-vorba.de\/wp-content\/uploads\/2018\/03\/W-IMG_4.jpg\" rel=\"prettyPhoto\" class=\"kc-pretty-photo\"><img src=\"https:\/\/www.cnc-vorba.de\/wp-content\/uploads\/2018\/03\/W-IMG_4-1170x700xct.jpg\" alt=\"\"\/><\/a><a href=\"https:\/\/www.cnc-vorba.de\/wp-content\/uploads\/2018\/03\/W-IMG_4.jpg\" rel=\"prettyPhoto\" class=\"kc-pretty-photo\"><div class=\"overlay-effects\"><\/div><\/a>\n<\/div>\n<div class=\"kc-elm kc-css-156984 kc-image-hover-effects kc-img-effects-1 default\">\n\n\t<a href=\"https:\/\/www.cnc-vorba.de\/wp-content\/uploads\/2018\/03\/img_b4.jpg\" rel=\"prettyPhoto\" class=\"kc-pretty-photo\"><img src=\"https:\/\/www.cnc-vorba.de\/wp-content\/uploads\/2018\/03\/img_b4-1170x700xct.jpg\" alt=\"\"\/><\/a><a href=\"https:\/\/www.cnc-vorba.de\/wp-content\/uploads\/2018\/03\/img_b4.jpg\" rel=\"prettyPhoto\" class=\"kc-pretty-photo\"><div class=\"overlay-effects\"><\/div><\/a>\n<\/div><\/div><\/div><div class=\"kc-elm kc-css-410694 kc_col-sm-4 kc_column_inner kc_col-sm-4\"><div class=\"kc_wrapper kc-col-inner-container\">\n<div class=\"kc-elm kc-css-301161 kc-image-hover-effects kc-img-effects-1 default\">\n\n\t<a href=\"https:\/\/www.cnc-vorba.de\/wp-content\/uploads\/2018\/03\/W-IMG_6.jpg\" rel=\"prettyPhoto\" class=\"kc-pretty-photo\"><img src=\"https:\/\/www.cnc-vorba.de\/wp-content\/uploads\/2018\/03\/W-IMG_6-1170x700xct.jpg\" alt=\"\"\/><\/a><a href=\"https:\/\/www.cnc-vorba.de\/wp-content\/uploads\/2018\/03\/W-IMG_6.jpg\" rel=\"prettyPhoto\" class=\"kc-pretty-photo\"><div class=\"overlay-effects\"><div class=\"content-title\">Project 3<\/div><\/div><\/a>\n<\/div>\n<div class=\"kc-elm kc-css-327394 kc-image-hover-effects kc-img-effects-1 default\">\n\n\t<a href=\"https:\/\/www.cnc-vorba.de\/wp-content\/uploads\/2018\/03\/W-IMG_3.jpg\" rel=\"prettyPhoto\" class=\"kc-pretty-photo\"><img src=\"https:\/\/www.cnc-vorba.de\/wp-content\/uploads\/2018\/03\/W-IMG_3-1170x700xct.jpg\" alt=\"\"\/><\/a><a href=\"https:\/\/www.cnc-vorba.de\/wp-content\/uploads\/2018\/03\/W-IMG_3.jpg\" rel=\"prettyPhoto\" class=\"kc-pretty-photo\"><div class=\"overlay-effects\"><\/div><\/a>\n<\/div><\/div><\/div><\/div><\/div><\/div><\/div><\/div><\/section><section class=\"kc-elm kc-css-290011 kc_row\"><div class=\"kc-row-container  kc-container\"><div class=\"kc-wrap-columns\"><div class=\"kc-elm kc-css-428495 kc_col-sm-12 kc_column kc_col-sm-12\"><div class=\"kc-col-container\"><div class=\"kc-elm kc-css-237003\" style=\"height: 80px; clear: both; width:100%;\"><\/div><div class=\"kc-elm kc-css-642632 kc_row kc_row_inner\"><div class=\"kc-elm kc-css-38744 kc_col-sm-12 kc_column_inner kc_col-sm-12\"><div class=\"kc_wrapper kc-col-inner-container\">\n<div class=\"kc-elm kc-css-931415 kc-title-wrap \">\n\n\t<h2 class=\"kc_title\">Vorrichtungsbau<\/h2>\n<\/div>\n<div class=\"kc-elm kc-css-35259 kc_text_block\"><\/p>\n<p>\nEinige Beispiele aus unserem Produktportfolio im Bereich Vorrichtungsbau:<\/p>\n<p>\n<\/div><\/div><\/div><\/div><div class=\"kc-elm kc-css-215983 kc_row kc_row_inner\"><div class=\"kc-elm kc-css-750940 kc_col-sm-4 kc_column_inner kc_col-sm-4\"><div class=\"kc_wrapper kc-col-inner-container\">\n<div class=\"kc-elm kc-css-489341 kc-image-hover-effects kc-img-effects-1 default\">\n\n\t<a href=\"https:\/\/www.cnc-vorba.de\/wp-content\/uploads\/2018\/03\/img_a1.jpg\" rel=\"prettyPhoto\" class=\"kc-pretty-photo\"><img src=\"https:\/\/www.cnc-vorba.de\/wp-content\/uploads\/2018\/03\/img_a1-1170x700xct.jpg\" alt=\"\"\/><\/a><a href=\"https:\/\/www.cnc-vorba.de\/wp-content\/uploads\/2018\/03\/img_a1.jpg\" rel=\"prettyPhoto\" class=\"kc-pretty-photo\"><div class=\"overlay-effects\"><\/div><\/a>\n<\/div>\n<div class=\"kc-elm kc-css-968131 kc-image-hover-effects kc-img-effects-1 default\">\n\n\t<a href=\"https:\/\/www.cnc-vorba.de\/wp-content\/uploads\/2018\/03\/img_a4.jpg\" rel=\"prettyPhoto\" class=\"kc-pretty-photo\"><img src=\"https:\/\/www.cnc-vorba.de\/wp-content\/uploads\/2018\/03\/img_a4-1170x700xct.jpg\" alt=\"\"\/><\/a><a href=\"https:\/\/www.cnc-vorba.de\/wp-content\/uploads\/2018\/03\/img_a4.jpg\" rel=\"prettyPhoto\" class=\"kc-pretty-photo\"><div class=\"overlay-effects\"><\/div><\/a>\n<\/div><\/div><\/div><div class=\"kc-elm kc-css-723972 kc_col-sm-4 kc_column_inner kc_col-sm-4\"><div class=\"kc_wrapper kc-col-inner-container\">\n<div class=\"kc-elm kc-css-714464 kc-image-hover-effects kc-img-effects-1 default\">\n\n\t<a href=\"https:\/\/www.cnc-vorba.de\/wp-content\/uploads\/2018\/03\/img_a-1.jpg\" rel=\"prettyPhoto\" class=\"kc-pretty-photo\"><img src=\"https:\/\/www.cnc-vorba.de\/wp-content\/uploads\/2018\/03\/img_a-1-1170x700xct.jpg\" alt=\"\"\/><\/a><a href=\"https:\/\/www.cnc-vorba.de\/wp-content\/uploads\/2018\/03\/img_a-1.jpg\" rel=\"prettyPhoto\" class=\"kc-pretty-photo\"><div class=\"overlay-effects\"><\/div><\/a>\n<\/div>\n<div class=\"kc-elm kc-css-742812 kc-image-hover-effects kc-img-effects-1 default\">\n\n\t<a href=\"https:\/\/www.cnc-vorba.de\/wp-content\/uploads\/2018\/03\/img_a5.jpg\" rel=\"prettyPhoto\" class=\"kc-pretty-photo\"><img src=\"https:\/\/www.cnc-vorba.de\/wp-content\/uploads\/2018\/03\/img_a5-1170x700xct.jpg\" alt=\"\"\/><\/a><a href=\"https:\/\/www.cnc-vorba.de\/wp-content\/uploads\/2018\/03\/img_a5.jpg\" rel=\"prettyPhoto\" class=\"kc-pretty-photo\"><div class=\"overlay-effects\"><\/div><\/a>\n<\/div><\/div><\/div><div class=\"kc-elm kc-css-930927 kc_col-sm-4 kc_column_inner kc_col-sm-4\"><div class=\"kc_wrapper kc-col-inner-container\">\n<div class=\"kc-elm kc-css-364976 kc-image-hover-effects kc-img-effects-1 default\">\n\n\t<a href=\"https:\/\/www.cnc-vorba.de\/wp-content\/uploads\/2018\/03\/img_a2.jpg\" rel=\"prettyPhoto\" class=\"kc-pretty-photo\"><img src=\"https:\/\/www.cnc-vorba.de\/wp-content\/uploads\/2018\/03\/img_a2-1170x700xct.jpg\" alt=\"\"\/><\/a><a href=\"https:\/\/www.cnc-vorba.de\/wp-content\/uploads\/2018\/03\/img_a2.jpg\" rel=\"prettyPhoto\" class=\"kc-pretty-photo\"><div class=\"overlay-effects\"><\/div><\/a>\n<\/div><\/div><\/div><\/div><div class=\"kc-elm kc-css-861590\" style=\"height: 80px; clear: both; width:100%;\"><\/div><div class=\"kc-elm kc-css-51215 kc_row kc_row_inner\"><div class=\"kc-elm kc-css-84408 kc_col-sm-12 kc_column_inner kc_col-sm-12\"><div class=\"kc_wrapper kc-col-inner-container\">\n<div class=\"kc-elm kc-css-532416 kc-title-wrap \">\n\n\t<h2 class=\"kc_title\">Lehrenbau<\/h2>\n<\/div>\n<div class=\"kc-elm kc-css-776135 kc_text_block\"><\/p>\n<p>\nEinige Beispiele aus unserem Produktportfolio im Bereich Lehrenbau:<\/p>\n<p>\n<\/div><\/div><\/div><\/div><div class=\"kc-elm kc-css-305208 kc_row kc_row_inner\"><div class=\"kc-elm kc-css-777351 kc_col-sm-4 kc_column_inner kc_col-sm-4\"><div class=\"kc_wrapper kc-col-inner-container\">\n<div class=\"kc-elm kc-css-563056 kc-image-hover-effects kc-img-effects-1 default\">\n\n\t<a href=\"https:\/\/www.cnc-vorba.de\/wp-content\/uploads\/2018\/03\/img_b7-1.jpg\" rel=\"prettyPhoto\" class=\"kc-pretty-photo\"><img src=\"https:\/\/www.cnc-vorba.de\/wp-content\/uploads\/2018\/03\/img_b7-1-1170x700xct.jpg\" alt=\"\"\/><\/a><a href=\"https:\/\/www.cnc-vorba.de\/wp-content\/uploads\/2018\/03\/img_b7-1.jpg\" rel=\"prettyPhoto\" class=\"kc-pretty-photo\"><div class=\"overlay-effects\"><\/div><\/a>\n<\/div>\n<div class=\"kc-elm kc-css-3322 kc-image-hover-effects kc-img-effects-1 default\">\n\n\t<a href=\"https:\/\/www.cnc-vorba.de\/wp-content\/uploads\/2018\/03\/img_b4.jpg\" rel=\"prettyPhoto\" class=\"kc-pretty-photo\"><img src=\"https:\/\/www.cnc-vorba.de\/wp-content\/uploads\/2018\/03\/img_b4-1170x700xct.jpg\" alt=\"\"\/><\/a><a href=\"https:\/\/www.cnc-vorba.de\/wp-content\/uploads\/2018\/03\/img_b4.jpg\" rel=\"prettyPhoto\" class=\"kc-pretty-photo\"><div class=\"overlay-effects\"><\/div><\/a>\n<\/div><\/div><\/div><div class=\"kc-elm kc-css-972360 kc_col-sm-4 kc_column_inner kc_col-sm-4\"><div class=\"kc_wrapper kc-col-inner-container\">\n<div class=\"kc-elm kc-css-969773 kc-image-hover-effects kc-img-effects-1 default\">\n\n\t<a href=\"https:\/\/www.cnc-vorba.de\/wp-content\/uploads\/2018\/03\/img_b6.jpg\" rel=\"prettyPhoto\" class=\"kc-pretty-photo\"><img src=\"https:\/\/www.cnc-vorba.de\/wp-content\/uploads\/2018\/03\/img_b6-1170x700xct.jpg\" alt=\"\"\/><\/a><a href=\"https:\/\/www.cnc-vorba.de\/wp-content\/uploads\/2018\/03\/img_b6.jpg\" rel=\"prettyPhoto\" class=\"kc-pretty-photo\"><div class=\"overlay-effects\"><\/div><\/a>\n<\/div>\n<div class=\"kc-elm kc-css-467806 kc-image-hover-effects kc-img-effects-1 default\">\n\n\t<a href=\"https:\/\/www.cnc-vorba.de\/wp-content\/uploads\/2018\/03\/img_b2.jpg\" rel=\"prettyPhoto\" class=\"kc-pretty-photo\"><img src=\"https:\/\/www.cnc-vorba.de\/wp-content\/uploads\/2018\/03\/img_b2-1170x700xct.jpg\" alt=\"\"\/><\/a><a href=\"https:\/\/www.cnc-vorba.de\/wp-content\/uploads\/2018\/03\/img_b2.jpg\" rel=\"prettyPhoto\" class=\"kc-pretty-photo\"><div class=\"overlay-effects\"><\/div><\/a>\n<\/div><\/div><\/div><div class=\"kc-elm kc-css-484710 kc_col-sm-4 kc_column_inner kc_col-sm-4\"><div class=\"kc_wrapper kc-col-inner-container\">\n<div class=\"kc-elm kc-css-814731 kc-image-hover-effects kc-img-effects-1 default\">\n\n\t<a href=\"https:\/\/www.cnc-vorba.de\/wp-content\/uploads\/2018\/03\/img_b5.jpg\" rel=\"prettyPhoto\" class=\"kc-pretty-photo\"><img src=\"https:\/\/www.cnc-vorba.de\/wp-content\/uploads\/2018\/03\/img_b5-1170x700xct.jpg\" alt=\"\"\/><\/a><a href=\"https:\/\/www.cnc-vorba.de\/wp-content\/uploads\/2018\/03\/img_b5.jpg\" rel=\"prettyPhoto\" class=\"kc-pretty-photo\"><div class=\"overlay-effects\"><\/div><\/a>\n<\/div>\n<div class=\"kc-elm kc-css-784433 kc-image-hover-effects kc-img-effects-1 default\">\n\n\t<a href=\"https:\/\/www.cnc-vorba.de\/wp-content\/uploads\/2018\/03\/img_b1.jpg\" rel=\"prettyPhoto\" class=\"kc-pretty-photo\"><img src=\"https:\/\/www.cnc-vorba.de\/wp-content\/uploads\/2018\/03\/img_b1-1170x700xct.jpg\" alt=\"\"\/><\/a><a href=\"https:\/\/www.cnc-vorba.de\/wp-content\/uploads\/2018\/03\/img_b1.jpg\" rel=\"prettyPhoto\" class=\"kc-pretty-photo\"><div class=\"overlay-effects\"><\/div><\/a>\n<\/div><\/div><\/div><\/div><div class=\"kc-elm kc-css-816755\" style=\"height: 81px; clear: both; width:100%;\"><\/div><div class=\"kc-elm kc-css-947876 kc_row kc_row_inner\"><div class=\"kc-elm kc-css-725361 kc_col-sm-12 kc_column_inner kc_col-sm-12\"><div class=\"kc_wrapper kc-col-inner-container\">\n<div class=\"kc-elm kc-css-842478 kc-title-wrap \">\n\n\t<h2 class=\"kc_title\">Sondermaschinenbau & Einzelteilfertigung<\/h2>\n<\/div>\n<div class=\"kc-elm kc-css-73506 kc_text_block\"><\/p>\n<p>\nBeispiele aus unserem Produktportfolio im Bereich Sondermaschinenbau und Einzelteilfertigung:<\/p>\n<p>\n<\/div><\/div><\/div><\/div><div class=\"kc-elm kc-css-865500 kc_row kc_row_inner\"><div class=\"kc-elm kc-css-399736 kc_col-sm-4 kc_column_inner kc_col-sm-4\"><div class=\"kc_wrapper kc-col-inner-container\">\n<div class=\"kc-elm kc-css-173595 kc-image-hover-effects kc-img-effects-1 default\">\n\n\t<a href=\"https:\/\/www.cnc-vorba.de\/wp-content\/uploads\/2018\/03\/img_c-1.jpg\" rel=\"prettyPhoto\" class=\"kc-pretty-photo\"><img src=\"https:\/\/www.cnc-vorba.de\/wp-content\/uploads\/2018\/03\/img_c-1-1170x700xct.jpg\" alt=\"\"\/><\/a><a href=\"https:\/\/www.cnc-vorba.de\/wp-content\/uploads\/2018\/03\/img_c-1.jpg\" rel=\"prettyPhoto\" class=\"kc-pretty-photo\"><div class=\"overlay-effects\"><\/div><\/a>\n<\/div>\n<div class=\"kc-elm kc-css-891003 kc-image-hover-effects kc-img-effects-1 default\">\n\n\t<a href=\"https:\/\/www.cnc-vorba.de\/wp-content\/uploads\/2018\/03\/img_d3.jpg\" rel=\"prettyPhoto\" class=\"kc-pretty-photo\"><img src=\"https:\/\/www.cnc-vorba.de\/wp-content\/uploads\/2018\/03\/img_d3-1170x700xct.jpg\" alt=\"\"\/><\/a><a href=\"https:\/\/www.cnc-vorba.de\/wp-content\/uploads\/2018\/03\/img_d3.jpg\" rel=\"prettyPhoto\" class=\"kc-pretty-photo\"><div class=\"overlay-effects\"><\/div><\/a>\n<\/div><\/div><\/div><div class=\"kc-elm kc-css-915465 kc_col-sm-4 kc_column_inner kc_col-sm-4\"><div class=\"kc_wrapper kc-col-inner-container\">\n<div class=\"kc-elm kc-css-941173 kc-image-hover-effects kc-img-effects-1 default\">\n\n\t<a href=\"https:\/\/www.cnc-vorba.de\/wp-content\/uploads\/2018\/03\/img_c3.jpg\" rel=\"prettyPhoto\" class=\"kc-pretty-photo\"><img src=\"https:\/\/www.cnc-vorba.de\/wp-content\/uploads\/2018\/03\/img_c3-1170x700xct.jpg\" alt=\"\"\/><\/a><a href=\"https:\/\/www.cnc-vorba.de\/wp-content\/uploads\/2018\/03\/img_c3.jpg\" rel=\"prettyPhoto\" class=\"kc-pretty-photo\"><div class=\"overlay-effects\"><\/div><\/a>\n<\/div><\/div><\/div><div class=\"kc-elm kc-css-314764 kc_col-sm-4 kc_column_inner kc_col-sm-4\"><div class=\"kc_wrapper kc-col-inner-container\">\n<div class=\"kc-elm kc-css-554341 kc-image-hover-effects kc-img-effects-1 default\">\n\n\t<a href=\"https:\/\/www.cnc-vorba.de\/wp-content\/uploads\/2018\/03\/img_d-1.jpg\" rel=\"prettyPhoto\" class=\"kc-pretty-photo\"><img src=\"https:\/\/www.cnc-vorba.de\/wp-content\/uploads\/2018\/03\/img_d-1-1170x700xct.jpg\" alt=\"\"\/><\/a><a href=\"https:\/\/www.cnc-vorba.de\/wp-content\/uploads\/2018\/03\/img_d-1.jpg\" rel=\"prettyPhoto\" class=\"kc-pretty-photo\"><div class=\"overlay-effects\"><\/div><\/a>\n<\/div><\/div><\/div><\/div><\/div><\/div><\/div><\/div><\/section><section class=\"kc-elm kc-css-474170 kc_row\"><div class=\"kc-row-container  kc-container\"><div class=\"kc-wrap-columns\"><div class=\"kc-elm kc-css-96344 kc_col-sm-6 kc_column kc_col-sm-6\"><div class=\"kc-col-container\">\n<div class=\"kc-elm kc-css-897096 kc-testimo kc-testi-layout-3\">\n\n\t<figure class=\"content-image\"><img src=\"https:\/\/www.cnc-vorba.de\/wp-content\/uploads\/2018\/03\/ix.jpg\" alt=\"\"><\/figure><div class=\"content-title\">iX-tech GmbH<\/div><div class=\"content-desc\">Die iX-tech GmbH bietet Ihnen innovative lichtgest\u00fctzte, intelligente L\u00f6sungen zur modernen Arbeitsplatzgestaltung, sowie einzigartige Technologien im Bereich der Intralogistik.<\/div>\n<\/div>\n\n<div class=\"kc-elm kc-css-264552 kc-testimo kc-testi-layout-3\">\n\n\t<figure class=\"content-image\"><img src=\"https:\/\/www.cnc-vorba.de\/wp-content\/uploads\/2018\/03\/rs2.jpg\" alt=\"\"><\/figure><div class=\"content-title\">RS Konstruktion<\/div><div class=\"content-desc\">RS Konstruktion z\u00e4hlt f\u00fcr uns als zuverl\u00e4ssiger Partner f\u00fcr CAD-Konstruktionen in den Bereichen Werkzeugbau, Vorrichtungsbau, Maschinenbau und Hydraulikzylinderbau.<\/div>\n<\/div>\n<div class=\"kc-elm kc-css-294635 kc_text_block\"><\/p>\n<p>[kc_contact_form7 _id=&#8220;736249\" slug=&#8220;contact-form-1\" css_custom=&#8220;{`kc-css`:{`any`:{`label`:{`color|label`:`#404040`,`font-size|label`:`14px`,`font-weight|label`:`400`,`text-transform|label`:`none`},`input`:{`background|.wpcf7-text`:`eyJjb2xvciI6IiNmZmZmZmYiLCJsaW5lYXJHcmFkaWVudCI6WyIiXSwiaW1hZ2UiOiJub25lIiwicG9zaXRpb24iOiIwJSAwJSIsInNpemUiOiJhdXRvIiwicmVwZWF0IjoicmVwZWF0IiwiYXR0YWNobWVudCI6InNjcm9sbCIsImFkdmFuY2VkIjowfQ==`,`border|.wpcf7-text`:`||1px solid #e6e6e6|`,`border-radius|.wpcf7-text`:`9px 9px 9px 9px`},`text-area`:{`background|.wpcf7-textarea`:`eyJjb2xvciI6IiNmZmZmZmYiLCJsaW5lYXJHcmFkaWVudCI6WyIiXSwiaW1hZ2UiOiJub25lIiwicG9zaXRpb24iOiIwJSAwJSIsInNpemUiOiJhdXRvIiwicmVwZWF0IjoicmVwZWF0IiwiYXR0YWNobWVudCI6InNjcm9sbCIsImFkdmFuY2VkIjowfQ==`,`height|.wpcf7-textarea`:`140px`,`border|.wpcf7-textarea`:`1px solid #dbdbdb`,`border-radius|.wpcf7-textarea`:`11px 11px 11px 11px`},`submit`:{`color|.wpcf7-submit`:`#ffffff`,`background|.wpcf7-submit`:`eyJjb2xvciI6IiM5NjMwMzAiLCJsaW5lYXJHcmFkaWVudCI6WyIiXSwiaW1hZ2UiOiJub25lIiwicG9zaXRpb24iOiIwJSAwJSIsInNpemUiOiJhdXRvIiwicmVwZWF0IjoicmVwZWF0IiwiYXR0YWNobWVudCI6InNjcm9sbCIsImFkdmFuY2VkIjowfQ==`,`border-radius|.wpcf7-submit`:`4px 4px 4px 4px`}}}}&#8220; title=&#8220;Ihre Anfrage&#8220;]<\/p>\n<p>\n<\/div><\/div><\/div><div class=\"kc-elm kc-css-290629 kc_col-sm-6 kc_column kc_col-sm-6\"><div class=\"kc-col-container\">\n<div class=\"kc-elm kc-css-638819 kc-testimo kc-testi-layout-3\">\n\n\t<figure class=\"content-image\"><img src=\"https:\/\/www.cnc-vorba.de\/wp-content\/uploads\/2018\/03\/kaltenbach.jpg\" alt=\"\"><\/figure><div class=\"content-title\">Kaltenbach<\/div><div class=\"content-desc\">Die Firma Kaltenbach ist u.a. Hersteller von S\u00e4gemaschinen aller Art, welche in Kombination mit unseren S\u00e4gevorrichtungen die optimale L\u00f6sung f\u00fcr Ihre individuellen Aufgabenbereiche bilden.<\/div>\n<\/div>\n\n<div class=\"kc-elm kc-css-923278 kc-testimo kc-testi-layout-3\">\n\n\t<figure class=\"content-image\"><img src=\"https:\/\/www.cnc-vorba.de\/wp-content\/uploads\/2018\/03\/fuchs.jpg\" alt=\"\"><\/figure><div class=\"content-title\">Fuchs Automatisierungstechnik<\/div><div class=\"content-desc\">Wir liefern L\u00f6sungen!\r\nAutomatisierungstechnik von der Planung bis zur Umsetzung alles aus einer Hand! Was der L\u00f6we nicht kann, das kann der Fuchs!\r\n<\/div>\n<\/div>\n<\/div><\/div><\/div><\/div><\/section><section class=\"kc-elm kc-css-371301 kc_row\"><div class=\"kc-row-container  kc-container\"><div class=\"kc-wrap-columns\"><div class=\"kc-elm kc-css-341831 kc_col-sm-12 kc_column kc_col-sm-12\"><div class=\"kc-col-container\"><div class=\"kc-elm kc-css-54359 kc_row kc_row_inner\"><div class=\"kc-elm kc-css-579042 kc_col-sm-6 kc_column_inner kc_col-sm-6\"><div class=\"kc_wrapper kc-col-inner-container\"><div class=\"kc-elm kc-css-941056 kc_text_block\"><\/p>\n<h3>Ansprechpartner<\/h3>\n<p><strong>Detlef Kr\u00fcger<\/strong><br \/><em>Gesch\u00e4ftsf\u00fchrer \/ Auftragsabwicklung<\/em><br \/>Tel.: 06841-7593955<br \/>det.krueger@cnc-vorba.de<\/p>\n<p><strong>Sabine Kr\u00fcger<\/strong><br \/><em>Verwaltung \/ Personalabteilung<\/em><br \/>Tel.: 06841-7593955<br \/>s.krueger@cnc-vorba.de<\/p>\n<p><strong>Sebastian Zewe<\/strong><br \/><em>Leiter Konstruktion und Entwicklung<\/em><br \/>Tel.: 06841-7593955<br \/>s.zewe@cnc-vorba.de<\/p>\n<p>\n<\/div><\/div><\/div><div class=\"kc-elm kc-css-674333 kc_col-sm-6 kc_column_inner kc_col-sm-6\"><div class=\"kc_wrapper kc-col-inner-container\"><div class=\"kc-elm kc-css-801364 kc_text_block\"><\/p>\n<h3>Adresse<\/h3>\n<p>CNC-Vorba GmbH<br \/>Heliumstra\u00dfe 6b<br \/>(Industriegebiet Am Zunderbaum)<br \/>66459 Kirkel<\/p>\n<p>Tel.: 06841-7593955<br \/>Fax: 06841-7593959<\/p>\n<p>\n<\/div><\/div><\/div><\/div><\/div><\/div><\/div><\/div><\/section><\/p>\n","protected":false},"excerpt":{"rendered":"","protected":false},"author":1,"featured_media":0,"parent":0,"menu_order":0,"comment_status":"closed","ping_status":"closed","template":"template-parts\/template-homepage.php","meta":[],"_links":{"self":[{"href":"https:\/\/www.cnc-vorba.de\/index.php?rest_route=\/wp\/v2\/pages\/2163"}],"collection":[{"href":"https:\/\/www.cnc-vorba.de\/index.php?rest_route=\/wp\/v2\/pages"}],"about":[{"href":"https:\/\/www.cnc-vorba.de\/index.php?rest_route=\/wp\/v2\/types\/page"}],"author":[{"embeddable":true,"href":"https:\/\/www.cnc-vorba.de\/index.php?rest_route=\/wp\/v2\/users\/1"}],"replies":[{"embeddable":true,"href":"https:\/\/www.cnc-vorba.de\/index.php?rest_route=%2Fwp%2Fv2%2Fcomments&post=2163"}],"version-history":[{"count":6,"href":"https:\/\/www.cnc-vorba.de\/index.php?rest_route=\/wp\/v2\/pages\/2163\/revisions"}],"predecessor-version":[{"id":2595,"href":"https:\/\/www.cnc-vorba.de\/index.php?rest_route=\/wp\/v2\/pages\/2163\/revisions\/2595"}],"wp:attachment":[{"href":"https:\/\/www.cnc-vorba.de\/index.php?rest_route=%2Fwp%2Fv2%2Fmedia&parent=2163"}],"curies":[{"name":"wp","href":"https:\/\/api.w.org\/{rel}","templated":true}]}}