{"id":2153,"date":"2018-03-27T00:15:50","date_gmt":"2018-03-26T22:15:50","guid":{"rendered":"http:\/\/d-kreativ.de\/cnc-vorba\/?page_id=2153"},"modified":"2022-12-12T10:53:02","modified_gmt":"2022-12-12T09:53:02","slug":"2153-2","status":"publish","type":"page","link":"https:\/\/www.cnc-vorba.de\/?page_id=2153","title":{"rendered":"Partner"},"content":{"rendered":"<p><section data-kc-parallax=\"true\" class=\"kc-elm kc-css-277434 kc_row\"><div class=\"kc-row-container  kc-container\"><div class=\"kc-wrap-columns\"><div class=\"kc-elm kc-css-882560 kc_col-sm-12 kc_column kc_col-sm-12\"><div class=\"kc-col-container\"><div class=\"kc-elm kc-css-610282 kc_tabs group kc-tabs-slider\"><div class=\"owl-carousel\" data-owl-options='{\"items\":1,\"speed\":450,\"navigation\":\"\",\"pagination\":\"\",\"autoheight\":\"\",\"autoplay\":\"yes\",\"tablet\":1,\"mobile\":1}'><div id=\"new-tab\" class=\"kc-elm kc-css-449272 kc_tab ui-tabs-panel kc_ui-tabs-hide kc_clearfix \"><div class=\"kc_tab_content\">\n<div class=\"kc-elm kc-css-709164 kc-title-wrap \">\n\n\t<h2 class=\"kc_title\">Unsere Partner<\/h2>\n<\/div>\n<\/div><\/div><\/div><\/div><\/div><\/div><\/div><\/div><\/section><section class=\"kc-elm kc-css-844480 kc_row\"><div class=\"kc-row-container\"><div class=\"kc-wrap-columns\"><div class=\"kc-elm kc-css-269289 kc_col-sm-4 kc_column kc_col-sm-4\"><div class=\"kc-col-container\">\n<div class=\"kc-elm kc-css-680514 kc-title-wrap \">\n\n\t<h2 class=\"kc_title\">Envo Business - Multi Purpose Theme<\/h2>\n<\/div>\n<div class=\"kc-elm kc-css-561380 kc_text_block\"><\/p>\n<p>\nLorem ipsum dolor sit amet, consectetur adipiscing elit. Nam ullamcorper ipsum nunc, ac gravida tortor tempor eget. Suspendisse rutrum finibus neque vel volutpat. Duis nulla nunc, facilisis eu commodo ut, porttitor pretium nunc. Pellentesque eget mauris eu odio tincidunt pharetra.<\/p>\n<p>\n<\/div>\n<div class=\"kc-elm kc-css-738394\">\n\t<a class=\"kc_button\" href=\"#\" onclick=\"\">\n\t\tRead More\t<\/a>\n<\/div>\n<\/div><\/div><div class=\"kc-elm kc-css-974508 kc_col-sm-4 kc_column kc_col-sm-4\"><div class=\"kc-col-container\">\n<div class=\"kc-elm kc-css-743012 kc-title-wrap \">\n\n\t<h2 class=\"kc_title\">Drag & Drop Page Builder<\/h2>\n<\/div>\n<div class=\"kc-elm kc-css-218205 kc_text_block\"><\/p>\n<p>\nLorem ipsum dolor sit amet, consectetur adipiscing elit. Nam ullamcorper ipsum nunc, ac gravida tortor tempor eget. Suspendisse rutrum finibus neque vel volutpat. Duis nulla nunc, facilisis eu commodo ut, porttitor pretium nunc. Pellentesque eget mauris eu odio tincidunt pharetra.<\/p>\n<p>\n<\/div>\n<div class=\"kc-elm kc-css-995706\">\n\t<a class=\"kc_button\" href=\"#\" onclick=\"\">\n\t\tRead More\t<\/a>\n<\/div>\n<\/div><\/div><div class=\"kc-elm kc-css-120444 kc_col-sm-4 kc_column kc_col-sm-4\"><div class=\"kc-col-container\">\n<div class=\"kc-elm kc-css-707871 kc-title-wrap \">\n\n\t<h2 class=\"kc_title\">Easy To Use<\/h2>\n<\/div>\n<div class=\"kc-elm kc-css-482083 kc_text_block\"><\/p>\n<p>\nLorem ipsum dolor sit amet, consectetur adipiscing elit. Nam ullamcorper ipsum nunc, ac gravida tortor tempor eget. Suspendisse rutrum finibus neque vel volutpat. Duis nulla nunc, facilisis eu commodo ut, porttitor pretium nunc. Pellentesque eget mauris eu odio tincidunt pharetra.<\/p>\n<p>\n<\/div>\n<div class=\"kc-elm kc-css-344651\">\n\t<a class=\"kc_button\" href=\"#\" onclick=\"\">\n\t\tRead More\t<\/a>\n<\/div>\n<\/div><\/div><\/div><\/div><\/section><section class=\"kc-elm kc-css-471596 kc_row\"><div class=\"kc-row-container  kc-container\"><div class=\"kc-wrap-columns\"><div id=\"#werkzeug\" class=\"kc-elm kc-css-202358 kc_col-sm-12 kc_column kc_col-sm-12\"><div class=\"kc-col-container\"><div class=\"kc-elm kc-css-371064\" style=\"height: 80px; clear: both; width:100%;\"><\/div><div id=\".werkzeug\" class=\"kc-elm kc-css-673266 kc_row kc_row_inner\"><div class=\"kc-elm kc-css-22668 kc_col-sm-12 kc_column_inner kc_col-sm-12\"><div class=\"kc_wrapper kc-col-inner-container\">\n<div class=\"kc-elm kc-css-233505 kc-title-wrap \">\n\n\t<h2 class=\"kc_title\">Werkzeugbau<\/h2>\n<\/div>\n<div class=\"kc-elm kc-css-996889 kc_text_block\"><\/p>\n<p>\nEinige Beispiele aus unserem Produktportfolio im Bereich Werkzeugbau:<\/p>\n<p>\n<\/div><\/div><\/div><\/div><div class=\"kc-elm kc-css-264471 kc_row kc_row_inner\"><div class=\"kc-elm kc-css-228547 kc_col-sm-4 kc_column_inner kc_col-sm-4\"><div class=\"kc_wrapper kc-col-inner-container\">\n<div class=\"kc-elm kc-css-834768 kc-image-hover-effects kc-img-effects-1 default\">\n\n\t<a href=\"https:\/\/www.cnc-vorba.de\/wp-content\/uploads\/2018\/03\/W-IMG_0064.jpg\" rel=\"prettyPhoto\" class=\"kc-pretty-photo\"><img src=\"https:\/\/www.cnc-vorba.de\/wp-content\/uploads\/2018\/03\/W-IMG_0064-1170x700xct.jpg\" alt=\"\"\/><\/a><a href=\"https:\/\/www.cnc-vorba.de\/wp-content\/uploads\/2018\/03\/W-IMG_0064.jpg\" rel=\"prettyPhoto\" class=\"kc-pretty-photo\"><div class=\"overlay-effects\"><\/div><\/a>\n<\/div>\n<div class=\"kc-elm kc-css-966812 kc-image-hover-effects kc-img-effects-1 default\">\n\n\t<a href=\"https:\/\/www.cnc-vorba.de\/wp-content\/uploads\/2018\/03\/W-IMG_5.jpg\" rel=\"prettyPhoto\" class=\"kc-pretty-photo\"><img src=\"https:\/\/www.cnc-vorba.de\/wp-content\/uploads\/2018\/03\/W-IMG_5-1170x700xct.jpg\" alt=\"\"\/><\/a><a href=\"https:\/\/www.cnc-vorba.de\/wp-content\/uploads\/2018\/03\/W-IMG_5.jpg\" rel=\"prettyPhoto\" class=\"kc-pretty-photo\"><div class=\"overlay-effects\"><\/div><\/a>\n<\/div>\n<div class=\"kc-elm kc-css-788345 kc-image-hover-effects kc-img-effects-1 default\">\n\n\t<a href=\"https:\/\/www.cnc-vorba.de\/wp-content\/uploads\/2018\/03\/W-IMG_2.jpg\" rel=\"prettyPhoto\" class=\"kc-pretty-photo\"><img src=\"https:\/\/www.cnc-vorba.de\/wp-content\/uploads\/2018\/03\/W-IMG_2-1170x700xct.jpg\" alt=\"\"\/><\/a><a href=\"https:\/\/www.cnc-vorba.de\/wp-content\/uploads\/2018\/03\/W-IMG_2.jpg\" rel=\"prettyPhoto\" class=\"kc-pretty-photo\"><div class=\"overlay-effects\"><\/div><\/a>\n<\/div><\/div><\/div><div class=\"kc-elm kc-css-86463 kc_col-sm-4 kc_column_inner kc_col-sm-4\"><div class=\"kc_wrapper kc-col-inner-container\">\n<div class=\"kc-elm kc-css-962813 kc-image-hover-effects kc-img-effects-1 default\">\n\n\t<a href=\"https:\/\/www.cnc-vorba.de\/wp-content\/uploads\/2018\/03\/W-IMG_7.jpg\" rel=\"prettyPhoto\" class=\"kc-pretty-photo\"><img src=\"https:\/\/www.cnc-vorba.de\/wp-content\/uploads\/2018\/03\/W-IMG_7-1170x700xct.jpg\" alt=\"\"\/><\/a><a href=\"https:\/\/www.cnc-vorba.de\/wp-content\/uploads\/2018\/03\/W-IMG_7.jpg\" rel=\"prettyPhoto\" class=\"kc-pretty-photo\"><div class=\"overlay-effects\"><div class=\"content-title\">Project 2<\/div><\/div><\/a>\n<\/div>\n<div class=\"kc-elm kc-css-507904 kc-image-hover-effects kc-img-effects-1 default\">\n\n\t<a href=\"https:\/\/www.cnc-vorba.de\/wp-content\/uploads\/2018\/03\/W-IMG_4.jpg\" rel=\"prettyPhoto\" class=\"kc-pretty-photo\"><img src=\"https:\/\/www.cnc-vorba.de\/wp-content\/uploads\/2018\/03\/W-IMG_4-1170x700xct.jpg\" alt=\"\"\/><\/a><a href=\"https:\/\/www.cnc-vorba.de\/wp-content\/uploads\/2018\/03\/W-IMG_4.jpg\" rel=\"prettyPhoto\" class=\"kc-pretty-photo\"><div class=\"overlay-effects\"><\/div><\/a>\n<\/div>\n<div class=\"kc-elm kc-css-976934 kc-image-hover-effects kc-img-effects-1 default\">\n\n\t<a href=\"https:\/\/www.cnc-vorba.de\/wp-content\/uploads\/2018\/03\/img_b4.jpg\" rel=\"prettyPhoto\" class=\"kc-pretty-photo\"><img src=\"https:\/\/www.cnc-vorba.de\/wp-content\/uploads\/2018\/03\/img_b4-1170x700xct.jpg\" alt=\"\"\/><\/a><a href=\"https:\/\/www.cnc-vorba.de\/wp-content\/uploads\/2018\/03\/img_b4.jpg\" rel=\"prettyPhoto\" class=\"kc-pretty-photo\"><div class=\"overlay-effects\"><\/div><\/a>\n<\/div><\/div><\/div><div class=\"kc-elm kc-css-502114 kc_col-sm-4 kc_column_inner kc_col-sm-4\"><div class=\"kc_wrapper kc-col-inner-container\">\n<div class=\"kc-elm kc-css-876963 kc-image-hover-effects kc-img-effects-1 default\">\n\n\t<a href=\"https:\/\/www.cnc-vorba.de\/wp-content\/uploads\/2018\/03\/W-IMG_6.jpg\" rel=\"prettyPhoto\" class=\"kc-pretty-photo\"><img src=\"https:\/\/www.cnc-vorba.de\/wp-content\/uploads\/2018\/03\/W-IMG_6-1170x700xct.jpg\" alt=\"\"\/><\/a><a href=\"https:\/\/www.cnc-vorba.de\/wp-content\/uploads\/2018\/03\/W-IMG_6.jpg\" rel=\"prettyPhoto\" class=\"kc-pretty-photo\"><div class=\"overlay-effects\"><div class=\"content-title\">Project 3<\/div><\/div><\/a>\n<\/div>\n<div class=\"kc-elm kc-css-675599 kc-image-hover-effects kc-img-effects-1 default\">\n\n\t<a href=\"https:\/\/www.cnc-vorba.de\/wp-content\/uploads\/2018\/03\/W-IMG_3.jpg\" rel=\"prettyPhoto\" class=\"kc-pretty-photo\"><img src=\"https:\/\/www.cnc-vorba.de\/wp-content\/uploads\/2018\/03\/W-IMG_3-1170x700xct.jpg\" alt=\"\"\/><\/a><a href=\"https:\/\/www.cnc-vorba.de\/wp-content\/uploads\/2018\/03\/W-IMG_3.jpg\" rel=\"prettyPhoto\" class=\"kc-pretty-photo\"><div class=\"overlay-effects\"><\/div><\/a>\n<\/div><\/div><\/div><\/div><\/div><\/div><\/div><\/div><\/section><section class=\"kc-elm kc-css-870027 kc_row\"><div class=\"kc-row-container  kc-container\"><div class=\"kc-wrap-columns\"><div class=\"kc-elm kc-css-715911 kc_col-sm-12 kc_column kc_col-sm-12\"><div class=\"kc-col-container\"><div class=\"kc-elm kc-css-139424\" style=\"height: 80px; clear: both; width:100%;\"><\/div><div class=\"kc-elm kc-css-563460 kc_row kc_row_inner\"><div class=\"kc-elm kc-css-445319 kc_col-sm-12 kc_column_inner kc_col-sm-12\"><div class=\"kc_wrapper kc-col-inner-container\">\n<div class=\"kc-elm kc-css-820728 kc-title-wrap \">\n\n\t<h2 class=\"kc_title\">Vorrichtungsbau<\/h2>\n<\/div>\n<div class=\"kc-elm kc-css-756826 kc_text_block\"><\/p>\n<p>\nEinige Beispiele aus unserem Produktportfolio im Bereich Vorrichtungsbau:<\/p>\n<p>\n<\/div><\/div><\/div><\/div><div class=\"kc-elm kc-css-831343 kc_row kc_row_inner\"><div class=\"kc-elm kc-css-641001 kc_col-sm-4 kc_column_inner kc_col-sm-4\"><div class=\"kc_wrapper kc-col-inner-container\">\n<div class=\"kc-elm kc-css-336437 kc-image-hover-effects kc-img-effects-1 default\">\n\n\t<a href=\"https:\/\/www.cnc-vorba.de\/wp-content\/uploads\/2018\/03\/img_a1.jpg\" rel=\"prettyPhoto\" class=\"kc-pretty-photo\"><img src=\"https:\/\/www.cnc-vorba.de\/wp-content\/uploads\/2018\/03\/img_a1-1170x700xct.jpg\" alt=\"\"\/><\/a><a href=\"https:\/\/www.cnc-vorba.de\/wp-content\/uploads\/2018\/03\/img_a1.jpg\" rel=\"prettyPhoto\" class=\"kc-pretty-photo\"><div class=\"overlay-effects\"><\/div><\/a>\n<\/div>\n<div class=\"kc-elm kc-css-468038 kc-image-hover-effects kc-img-effects-1 default\">\n\n\t<a href=\"https:\/\/www.cnc-vorba.de\/wp-content\/uploads\/2018\/03\/img_a4.jpg\" rel=\"prettyPhoto\" class=\"kc-pretty-photo\"><img src=\"https:\/\/www.cnc-vorba.de\/wp-content\/uploads\/2018\/03\/img_a4-1170x700xct.jpg\" alt=\"\"\/><\/a><a href=\"https:\/\/www.cnc-vorba.de\/wp-content\/uploads\/2018\/03\/img_a4.jpg\" rel=\"prettyPhoto\" class=\"kc-pretty-photo\"><div class=\"overlay-effects\"><\/div><\/a>\n<\/div><\/div><\/div><div class=\"kc-elm kc-css-160636 kc_col-sm-4 kc_column_inner kc_col-sm-4\"><div class=\"kc_wrapper kc-col-inner-container\">\n<div class=\"kc-elm kc-css-121131 kc-image-hover-effects kc-img-effects-1 default\">\n\n\t<a href=\"https:\/\/www.cnc-vorba.de\/wp-content\/uploads\/2018\/03\/img_a-1.jpg\" rel=\"prettyPhoto\" class=\"kc-pretty-photo\"><img src=\"https:\/\/www.cnc-vorba.de\/wp-content\/uploads\/2018\/03\/img_a-1-1170x700xct.jpg\" alt=\"\"\/><\/a><a href=\"https:\/\/www.cnc-vorba.de\/wp-content\/uploads\/2018\/03\/img_a-1.jpg\" rel=\"prettyPhoto\" class=\"kc-pretty-photo\"><div class=\"overlay-effects\"><\/div><\/a>\n<\/div>\n<div class=\"kc-elm kc-css-815450 kc-image-hover-effects kc-img-effects-1 default\">\n\n\t<a href=\"https:\/\/www.cnc-vorba.de\/wp-content\/uploads\/2018\/03\/img_a5.jpg\" rel=\"prettyPhoto\" class=\"kc-pretty-photo\"><img src=\"https:\/\/www.cnc-vorba.de\/wp-content\/uploads\/2018\/03\/img_a5-1170x700xct.jpg\" alt=\"\"\/><\/a><a href=\"https:\/\/www.cnc-vorba.de\/wp-content\/uploads\/2018\/03\/img_a5.jpg\" rel=\"prettyPhoto\" class=\"kc-pretty-photo\"><div class=\"overlay-effects\"><\/div><\/a>\n<\/div><\/div><\/div><div class=\"kc-elm kc-css-341409 kc_col-sm-4 kc_column_inner kc_col-sm-4\"><div class=\"kc_wrapper kc-col-inner-container\">\n<div class=\"kc-elm kc-css-172202 kc-image-hover-effects kc-img-effects-1 default\">\n\n\t<a href=\"https:\/\/www.cnc-vorba.de\/wp-content\/uploads\/2018\/03\/img_a2.jpg\" rel=\"prettyPhoto\" class=\"kc-pretty-photo\"><img src=\"https:\/\/www.cnc-vorba.de\/wp-content\/uploads\/2018\/03\/img_a2-1170x700xct.jpg\" alt=\"\"\/><\/a><a href=\"https:\/\/www.cnc-vorba.de\/wp-content\/uploads\/2018\/03\/img_a2.jpg\" rel=\"prettyPhoto\" class=\"kc-pretty-photo\"><div class=\"overlay-effects\"><\/div><\/a>\n<\/div><\/div><\/div><\/div><div class=\"kc-elm kc-css-474951\" style=\"height: 80px; clear: both; width:100%;\"><\/div><div class=\"kc-elm kc-css-182506 kc_row kc_row_inner\"><div class=\"kc-elm kc-css-448858 kc_col-sm-12 kc_column_inner kc_col-sm-12\"><div class=\"kc_wrapper kc-col-inner-container\">\n<div class=\"kc-elm kc-css-71187 kc-title-wrap \">\n\n\t<h2 class=\"kc_title\">Lehrenbau<\/h2>\n<\/div>\n<div class=\"kc-elm kc-css-176349 kc_text_block\"><\/p>\n<p>\nEinige Beispiele aus unserem Produktportfolio im Bereich Lehrenbau:<\/p>\n<p>\n<\/div><\/div><\/div><\/div><div class=\"kc-elm kc-css-815585 kc_row kc_row_inner\"><div class=\"kc-elm kc-css-157822 kc_col-sm-4 kc_column_inner kc_col-sm-4\"><div class=\"kc_wrapper kc-col-inner-container\">\n<div class=\"kc-elm kc-css-949542 kc-image-hover-effects kc-img-effects-1 default\">\n\n\t<a href=\"https:\/\/www.cnc-vorba.de\/wp-content\/uploads\/2018\/03\/img_b7-1.jpg\" rel=\"prettyPhoto\" class=\"kc-pretty-photo\"><img src=\"https:\/\/www.cnc-vorba.de\/wp-content\/uploads\/2018\/03\/img_b7-1-1170x700xct.jpg\" alt=\"\"\/><\/a><a href=\"https:\/\/www.cnc-vorba.de\/wp-content\/uploads\/2018\/03\/img_b7-1.jpg\" rel=\"prettyPhoto\" class=\"kc-pretty-photo\"><div class=\"overlay-effects\"><\/div><\/a>\n<\/div>\n<div class=\"kc-elm kc-css-868128 kc-image-hover-effects kc-img-effects-1 default\">\n\n\t<a href=\"https:\/\/www.cnc-vorba.de\/wp-content\/uploads\/2018\/03\/img_b4.jpg\" rel=\"prettyPhoto\" class=\"kc-pretty-photo\"><img src=\"https:\/\/www.cnc-vorba.de\/wp-content\/uploads\/2018\/03\/img_b4-1170x700xct.jpg\" alt=\"\"\/><\/a><a href=\"https:\/\/www.cnc-vorba.de\/wp-content\/uploads\/2018\/03\/img_b4.jpg\" rel=\"prettyPhoto\" class=\"kc-pretty-photo\"><div class=\"overlay-effects\"><\/div><\/a>\n<\/div><\/div><\/div><div class=\"kc-elm kc-css-196894 kc_col-sm-4 kc_column_inner kc_col-sm-4\"><div class=\"kc_wrapper kc-col-inner-container\">\n<div class=\"kc-elm kc-css-806617 kc-image-hover-effects kc-img-effects-1 default\">\n\n\t<a href=\"https:\/\/www.cnc-vorba.de\/wp-content\/uploads\/2018\/03\/img_b6.jpg\" rel=\"prettyPhoto\" class=\"kc-pretty-photo\"><img src=\"https:\/\/www.cnc-vorba.de\/wp-content\/uploads\/2018\/03\/img_b6-1170x700xct.jpg\" alt=\"\"\/><\/a><a href=\"https:\/\/www.cnc-vorba.de\/wp-content\/uploads\/2018\/03\/img_b6.jpg\" rel=\"prettyPhoto\" class=\"kc-pretty-photo\"><div class=\"overlay-effects\"><\/div><\/a>\n<\/div>\n<div class=\"kc-elm kc-css-589143 kc-image-hover-effects kc-img-effects-1 default\">\n\n\t<a href=\"https:\/\/www.cnc-vorba.de\/wp-content\/uploads\/2018\/03\/img_b2.jpg\" rel=\"prettyPhoto\" class=\"kc-pretty-photo\"><img src=\"https:\/\/www.cnc-vorba.de\/wp-content\/uploads\/2018\/03\/img_b2-1170x700xct.jpg\" alt=\"\"\/><\/a><a href=\"https:\/\/www.cnc-vorba.de\/wp-content\/uploads\/2018\/03\/img_b2.jpg\" rel=\"prettyPhoto\" class=\"kc-pretty-photo\"><div class=\"overlay-effects\"><\/div><\/a>\n<\/div><\/div><\/div><div class=\"kc-elm kc-css-551488 kc_col-sm-4 kc_column_inner kc_col-sm-4\"><div class=\"kc_wrapper kc-col-inner-container\">\n<div class=\"kc-elm kc-css-517814 kc-image-hover-effects kc-img-effects-1 default\">\n\n\t<a href=\"https:\/\/www.cnc-vorba.de\/wp-content\/uploads\/2018\/03\/img_b5.jpg\" rel=\"prettyPhoto\" class=\"kc-pretty-photo\"><img src=\"https:\/\/www.cnc-vorba.de\/wp-content\/uploads\/2018\/03\/img_b5-1170x700xct.jpg\" alt=\"\"\/><\/a><a href=\"https:\/\/www.cnc-vorba.de\/wp-content\/uploads\/2018\/03\/img_b5.jpg\" rel=\"prettyPhoto\" class=\"kc-pretty-photo\"><div class=\"overlay-effects\"><\/div><\/a>\n<\/div>\n<div class=\"kc-elm kc-css-706033 kc-image-hover-effects kc-img-effects-1 default\">\n\n\t<a href=\"https:\/\/www.cnc-vorba.de\/wp-content\/uploads\/2018\/03\/img_b1.jpg\" rel=\"prettyPhoto\" class=\"kc-pretty-photo\"><img src=\"https:\/\/www.cnc-vorba.de\/wp-content\/uploads\/2018\/03\/img_b1-1170x700xct.jpg\" alt=\"\"\/><\/a><a href=\"https:\/\/www.cnc-vorba.de\/wp-content\/uploads\/2018\/03\/img_b1.jpg\" rel=\"prettyPhoto\" class=\"kc-pretty-photo\"><div class=\"overlay-effects\"><\/div><\/a>\n<\/div><\/div><\/div><\/div><div class=\"kc-elm kc-css-255750\" style=\"height: 81px; clear: both; width:100%;\"><\/div><div class=\"kc-elm kc-css-929852 kc_row kc_row_inner\"><div class=\"kc-elm kc-css-165120 kc_col-sm-12 kc_column_inner kc_col-sm-12\"><div class=\"kc_wrapper kc-col-inner-container\">\n<div class=\"kc-elm kc-css-442069 kc-title-wrap \">\n\n\t<h2 class=\"kc_title\">Sondermaschinenbau & Einzelteilfertigung<\/h2>\n<\/div>\n<div class=\"kc-elm kc-css-709732 kc_text_block\"><\/p>\n<p>\nBeispiele aus unserem Produktportfolio im Bereich Sondermaschinenbau und Einzelteilfertigung:<\/p>\n<p>\n<\/div><\/div><\/div><\/div><div class=\"kc-elm kc-css-337503 kc_row kc_row_inner\"><div class=\"kc-elm kc-css-460043 kc_col-sm-4 kc_column_inner kc_col-sm-4\"><div class=\"kc_wrapper kc-col-inner-container\">\n<div class=\"kc-elm kc-css-936967 kc-image-hover-effects kc-img-effects-1 default\">\n\n\t<a href=\"https:\/\/www.cnc-vorba.de\/wp-content\/uploads\/2018\/03\/img_c-1.jpg\" rel=\"prettyPhoto\" class=\"kc-pretty-photo\"><img src=\"https:\/\/www.cnc-vorba.de\/wp-content\/uploads\/2018\/03\/img_c-1-1170x700xct.jpg\" alt=\"\"\/><\/a><a href=\"https:\/\/www.cnc-vorba.de\/wp-content\/uploads\/2018\/03\/img_c-1.jpg\" rel=\"prettyPhoto\" class=\"kc-pretty-photo\"><div class=\"overlay-effects\"><\/div><\/a>\n<\/div>\n<div class=\"kc-elm kc-css-216403 kc-image-hover-effects kc-img-effects-1 default\">\n\n\t<a href=\"https:\/\/www.cnc-vorba.de\/wp-content\/uploads\/2018\/03\/img_d3.jpg\" rel=\"prettyPhoto\" class=\"kc-pretty-photo\"><img src=\"https:\/\/www.cnc-vorba.de\/wp-content\/uploads\/2018\/03\/img_d3-1170x700xct.jpg\" alt=\"\"\/><\/a><a href=\"https:\/\/www.cnc-vorba.de\/wp-content\/uploads\/2018\/03\/img_d3.jpg\" rel=\"prettyPhoto\" class=\"kc-pretty-photo\"><div class=\"overlay-effects\"><\/div><\/a>\n<\/div><\/div><\/div><div class=\"kc-elm kc-css-887098 kc_col-sm-4 kc_column_inner kc_col-sm-4\"><div class=\"kc_wrapper kc-col-inner-container\">\n<div class=\"kc-elm kc-css-478043 kc-image-hover-effects kc-img-effects-1 default\">\n\n\t<a href=\"https:\/\/www.cnc-vorba.de\/wp-content\/uploads\/2018\/03\/img_c3.jpg\" rel=\"prettyPhoto\" class=\"kc-pretty-photo\"><img src=\"https:\/\/www.cnc-vorba.de\/wp-content\/uploads\/2018\/03\/img_c3-1170x700xct.jpg\" alt=\"\"\/><\/a><a href=\"https:\/\/www.cnc-vorba.de\/wp-content\/uploads\/2018\/03\/img_c3.jpg\" rel=\"prettyPhoto\" class=\"kc-pretty-photo\"><div class=\"overlay-effects\"><\/div><\/a>\n<\/div><\/div><\/div><div class=\"kc-elm kc-css-596482 kc_col-sm-4 kc_column_inner kc_col-sm-4\"><div class=\"kc_wrapper kc-col-inner-container\">\n<div class=\"kc-elm kc-css-160140 kc-image-hover-effects kc-img-effects-1 default\">\n\n\t<a href=\"https:\/\/www.cnc-vorba.de\/wp-content\/uploads\/2018\/03\/img_d-1.jpg\" rel=\"prettyPhoto\" class=\"kc-pretty-photo\"><img src=\"https:\/\/www.cnc-vorba.de\/wp-content\/uploads\/2018\/03\/img_d-1-1170x700xct.jpg\" alt=\"\"\/><\/a><a href=\"https:\/\/www.cnc-vorba.de\/wp-content\/uploads\/2018\/03\/img_d-1.jpg\" rel=\"prettyPhoto\" class=\"kc-pretty-photo\"><div class=\"overlay-effects\"><\/div><\/a>\n<\/div><\/div><\/div><\/div><\/div><\/div><\/div><\/div><\/section><section class=\"kc-elm kc-css-627171 kc_row\"><div class=\"kc-row-container  kc-container\"><div class=\"kc-wrap-columns\"><div class=\"kc-elm kc-css-991385 kc_col-sm-6 kc_column kc_col-sm-6\"><div class=\"kc-col-container\"><div class=\"kc-elm kc-css-22136 kc-feature-boxes kc-fb-layout-4\">\n\n\t<figure class=\"content-image\"><img src=\"https:\/\/www.cnc-vorba.de\/wp-content\/uploads\/2018\/03\/logo.png\" alt=\"\"><\/figure><div class=\"box-right\"><div class=\"content-title\">iX-tech GmbH<\/div><div class=\"content-desc\">Die iX-tech GmbH bietet Ihnen innovative lichtgest\u00fctzte, intelligente L\u00f6sungen zur modernen Arbeitsplatzgestaltung, sowie einzigartige Technologien im Bereich der Intralogistik.<\/div><\/div>\n<\/div>\n<div class=\"kc-elm kc-css-647141 kc-feature-boxes kc-fb-layout-4\">\n\n\t<figure class=\"content-image\"><img src=\"https:\/\/www.cnc-vorba.de\/wp-content\/uploads\/2018\/03\/kaltenbach.jpg\" alt=\"\"><\/figure><div class=\"box-right\"><div class=\"content-title\">Kaltenbach<\/div><div class=\"content-desc\">Die Firma Kaltenbach ist u.a. Hersteller von S\u00e4gemaschinen aller Art, welche in Kombination mit unseren S\u00e4gevorrichtungen die optimale L\u00f6sung f\u00fcr Ihre individuellen Aufgabenbereiche bilden.<\/div><\/div>\n<\/div>\n<div class=\"kc-elm kc-css-755168 kc-feature-boxes kc-fb-layout-4\">\n\n\t<figure class=\"content-image\"><img src=\"https:\/\/www.cnc-vorba.de\/wp-content\/uploads\/2022\/12\/Logo_3d-mtech-scaled.jpg\" alt=\"\"><\/figure><div class=\"box-right\"><div class=\"content-title\">3D-mtech<\/div><div class=\"content-desc\">3D-mtech ist unser Partner wenn es um optisches Messen geht. Egal ob GOM-Vermessung, 3D-Scan oder Digitalisierung, mit 3D-mtech haben Sie immer den richtigen Ansprechpartner.<\/div><\/div>\n<\/div>\n<\/div><\/div><div class=\"kc-elm kc-css-958107 kc_col-sm-6 kc_column kc_col-sm-6\"><div class=\"kc-col-container\"><div class=\"kc-elm kc-css-977351 kc-feature-boxes kc-fb-layout-4\">\n\n\t<figure class=\"content-image\"><img src=\"https:\/\/www.cnc-vorba.de\/wp-content\/uploads\/2018\/03\/rs2.jpg\" alt=\"\"><\/figure><div class=\"box-right\"><div class=\"content-title\">RS Konstruktion<\/div><div class=\"content-desc\">RS Konstruktion z\u00e4hlt f\u00fcr uns als zuverl\u00e4ssiger Partner f\u00fcr CAD-Konstruktionen in den Bereichen Werkzeugbau, Vorrichtungsbau, Maschinenbau und Hydraulikzylinderbau.<\/div><\/div>\n<\/div>\n<div class=\"kc-elm kc-css-814917 kc-feature-boxes kc-fb-layout-4\">\n\n\t<figure class=\"content-image\"><img src=\"https:\/\/www.cnc-vorba.de\/wp-content\/uploads\/2018\/03\/fuchs.jpg\" alt=\"\"><\/figure><div class=\"box-right\"><div class=\"content-title\">Fuchs Automatisierungstechnik<\/div><div class=\"content-desc\">Wir liefern L\u00f6sungen! Automatisierungstechnik von der Planung bis zur Umsetzung alles aus einer Hand! Was der L\u00f6we nicht kann, das kann der Fuchs!<\/div><\/div>\n<\/div>\n<\/div><\/div><\/div><\/div><\/section><\/p>\n","protected":false},"excerpt":{"rendered":"","protected":false},"author":1,"featured_media":0,"parent":0,"menu_order":0,"comment_status":"closed","ping_status":"closed","template":"template-parts\/template-homepage.php","meta":[],"_links":{"self":[{"href":"https:\/\/www.cnc-vorba.de\/index.php?rest_route=\/wp\/v2\/pages\/2153"}],"collection":[{"href":"https:\/\/www.cnc-vorba.de\/index.php?rest_route=\/wp\/v2\/pages"}],"about":[{"href":"https:\/\/www.cnc-vorba.de\/index.php?rest_route=\/wp\/v2\/types\/page"}],"author":[{"embeddable":true,"href":"https:\/\/www.cnc-vorba.de\/index.php?rest_route=\/wp\/v2\/users\/1"}],"replies":[{"embeddable":true,"href":"https:\/\/www.cnc-vorba.de\/index.php?rest_route=%2Fwp%2Fv2%2Fcomments&post=2153"}],"version-history":[{"count":6,"href":"https:\/\/www.cnc-vorba.de\/index.php?rest_route=\/wp\/v2\/pages\/2153\/revisions"}],"predecessor-version":[{"id":2609,"href":"https:\/\/www.cnc-vorba.de\/index.php?rest_route=\/wp\/v2\/pages\/2153\/revisions\/2609"}],"wp:attachment":[{"href":"https:\/\/www.cnc-vorba.de\/index.php?rest_route=%2Fwp%2Fv2%2Fmedia&parent=2153"}],"curies":[{"name":"wp","href":"https:\/\/api.w.org\/{rel}","templated":true}]}}